{"id":115,"date":"2024-03-10T10:24:26","date_gmt":"2024-03-10T10:24:26","guid":{"rendered":"https:\/\/snapchatplanets.org\/?page_id=115"},"modified":"2024-03-10T10:24:27","modified_gmt":"2024-03-10T10:24:27","slug":"ansvarsfraskrivelse","status":"publish","type":"page","link":"https:\/\/snapchatplanets.org\/nb\/ansvarsfraskrivelse\/","title":{"rendered":"Ansvarsfraskrivelse"},"content":{"rendered":"<p>Hvis du trenger mer informasjon eller har sp\u00f8rsm\u00e5l om ansvarsfraskrivelsen p\u00e5 nettstedet v\u00e5rt, er du velkommen til \u00e5 kontakte oss via e-post p\u00e5 thorffofficial@gmail.com.<\/p>\n\n\n\n<h2 class=\"wp-block-heading\">Ansvarsfraskrivelse for SnapchatPlanets<\/h2>\n\n\n\n<p>All informasjon p\u00e5 dette nettstedet - https:\/\/snapchatplanets.org\/ - er publisert i god tro og kun for generell informasjon. SnapchatPlanets gir ingen garantier for fullstendigheten, p\u00e5liteligheten og n\u00f8yaktigheten av denne informasjonen. Enhver handling du utf\u00f8rer p\u00e5 grunnlag av informasjonen du finner p\u00e5 dette nettstedet (SnapchatPlanets), skjer p\u00e5 eget ansvar. SnapchatPlanets er ikke ansvarlig for eventuelle tap og\/eller skader i forbindelse med bruk av nettstedet v\u00e5rt.<\/p>\n\n\n\n<p>Fra v\u00e5rt nettsted kan du bes\u00f8ke andre nettsteder ved \u00e5 f\u00f8lge hyperkoblinger til slike eksterne nettsteder. Selv om vi bestreber oss p\u00e5 \u00e5 kun tilby kvalitetslenker til nyttige og etiske nettsteder, har vi ingen kontroll over innholdet p\u00e5 disse nettstedene. Disse lenkene til andre nettsteder inneb\u00e6rer ikke en anbefaling av alt innholdet p\u00e5 disse nettstedene. Nettstedseiere og innhold kan endres uten varsel, og det kan skje f\u00f8r vi har mulighet til \u00e5 fjerne en lenke som kan ha blitt \"d\u00e5rlig\".<\/p>\n\n\n\n<p>V\u00e6r ogs\u00e5 oppmerksom p\u00e5 at n\u00e5r du forlater nettstedet v\u00e5rt, kan andre nettsteder ha andre personvernregler og vilk\u00e5r som ligger utenfor v\u00e5r kontroll. S\u00f8rg for \u00e5 sjekke personvernerkl\u00e6ringene til disse nettstedene samt deres \"vilk\u00e5r for bruk\" f\u00f8r du gj\u00f8r forretninger eller laster opp informasjon.<\/p>\n\n\n\n<h2 class=\"wp-block-heading\">Samtykke<\/h2>\n\n\n\n<p>Ved \u00e5 bruke nettstedet v\u00e5rt samtykker du herved til v\u00e5r ansvarsfraskrivelse og godtar vilk\u00e5rene.<\/p>\n\n\n\n<h2 class=\"wp-block-heading\">Oppdatering<\/h2>\n\n\n\n<p>Hvis vi oppdaterer, endrer eller foretar endringer i dette dokumentet, vil disse endringene bli lagt ut her.<\/p>","protected":false},"excerpt":{"rendered":"<p>Hvis du trenger mer informasjon eller har sp\u00f8rsm\u00e5l om ansvarsfraskrivelsen p\u00e5 nettstedet v\u00e5rt, er du velkommen til \u00e5 kontakte oss via e-post p\u00e5 thorffofficial@gmail.com. Ansvarsfraskrivelse for SnapchatPlanets All informasjon p\u00e5 denne nettsiden - https:\/\/snapchatplanets.org\/ - er publisert i god tro og kun for generell informasjon. SnapchatPlanets gir ingen garantier om fullstendigheten,...<\/p>","protected":false},"author":1,"featured_media":0,"parent":0,"menu_order":0,"comment_status":"closed","ping_status":"closed","template":"","meta":{"_kad_blocks_custom_css":"","_kad_blocks_head_custom_js":"","_kad_blocks_body_custom_js":"","_kad_blocks_footer_custom_js":"","_kad_post_transparent":"","_kad_post_title":"","_kad_post_layout":"","_kad_post_sidebar_id":"","_kad_post_content_style":"","_kad_post_vertical_padding":"","_kad_post_feature":"","_kad_post_feature_position":"","_kad_post_header":false,"_kad_post_footer":false,"_kad_post_classname":"","footnotes":""},"class_list":["post-115","page","type-page","status-publish","hentry"],"taxonomy_info":[],"featured_image_src_large":false,"author_info":{"display_name":"Anuj Sehrawat","author_link":"https:\/\/snapchatplanets.org\/nb\/author\/snapchatplanets-org\/"},"comment_info":0,"_links":{"self":[{"href":"https:\/\/snapchatplanets.org\/nb\/wp-json\/wp\/v2\/pages\/115","targetHints":{"allow":["GET"]}}],"collection":[{"href":"https:\/\/snapchatplanets.org\/nb\/wp-json\/wp\/v2\/pages"}],"about":[{"href":"https:\/\/snapchatplanets.org\/nb\/wp-json\/wp\/v2\/types\/page"}],"author":[{"embeddable":true,"href":"https:\/\/snapchatplanets.org\/nb\/wp-json\/wp\/v2\/users\/1"}],"replies":[{"embeddable":true,"href":"https:\/\/snapchatplanets.org\/nb\/wp-json\/wp\/v2\/comments?post=115"}],"version-history":[{"count":1,"href":"https:\/\/snapchatplanets.org\/nb\/wp-json\/wp\/v2\/pages\/115\/revisions"}],"predecessor-version":[{"id":116,"href":"https:\/\/snapchatplanets.org\/nb\/wp-json\/wp\/v2\/pages\/115\/revisions\/116"}],"wp:attachment":[{"href":"https:\/\/snapchatplanets.org\/nb\/wp-json\/wp\/v2\/media?parent=115"}],"curies":[{"name":"wp","href":"https:\/\/api.w.org\/{rel}","templated":true}]}}